{"id":1030,"date":"2018-05-03T23:12:48","date_gmt":"2018-05-03T21:12:48","guid":{"rendered":"https:\/\/www.ariaconference.com\/?page_id=1030"},"modified":"2018-05-21T19:55:24","modified_gmt":"2018-05-21T17:55:24","slug":"opsti-uslovi-kupovine","status":"publish","type":"page","link":"https:\/\/aria.ariaconference.com\/en\/opsti-uslovi-kupovine\/","title":{"rendered":"General terms of use"},"content":{"rendered":"<p><strong>Aria Conference &#038; Events doo<\/strong><br \/>\nKaradjordjev trg 34, Beograd-Zemun, Serbia<br \/>\nActivity Code: 9609<br \/>\nType of activity: Other non-mentioned personal service activities<br \/>\nIdentification number: 21254436<br \/>\nVAT: 109851552<br \/>\nwww.aria.co.rs<br \/>\nPhone: 011 2600 978<br \/>\nE mail: office@aria.co.rs<br \/>\n&nbsp;<\/p>\n<p>The rules of online shopping are defined with the following Terms of use. They provide the quality of our service and consequently the pleasure of our customers. Visiting or shopping on the online store you accept the Terms of use hereby mentioned. Please read them carefully and learn about with the rules that we apply.<br \/>\n&nbsp;<\/p>\n<h4 style=\"text-align: center;\">GENERAL TERMS OF USE<\/h4>\n<p>&nbsp;<\/p>\n<p><strong>COMMUNICATION WITH SHOPPERS<\/strong><\/p>\n<p>Our communication with the website visitors and shoppers goes on via E-mail or through announcements that we\u2019ll publish on this website.<\/p>\n<p><strong>DECLARATION ON THE SHOPPER\u2019S RIGHT TO PRIVACY<\/strong><\/p>\n<p>Aria Conference &#038; Events doo hereby commits and guarantees the safe keeping of the collected information and the shopper\u2019s right to privacy. All the information on our shoppers is safely kept and available only to our employees who need that information for conducting the business. The shopper bears the responsibility for all the wrongly entered information throughout the online shopping process as well as for the paying of the subsequent bill.<\/p>\n<p><strong>CHANGING DATA ON THE WEBSITE<\/strong><\/p>\n<p>Aria Conference &#038; Events doo retains the right to be able to, at any time, and without any previous notification, change the data shown on any of the website\u2019s pages. Aria Conference &#038; Events doo does not have the right to unilaterally change the conditions of use, and any eventual change shall be deemed invalid except in case both sides agree thereto in writing.<\/p>\n<p><strong>INTELLECTUAL RIGHTS<\/strong><\/p>\n<p>The contents of this website such as pages, design elements (buttons, icons and similar), texts, photographs, logotypes, audio and software are the ownership of the Aria Conference &#038; Events doo and they cannot be used without previously receiving consent from the Aria Conference &#038; Events doo. In case you believe that the content found on the Aria Conference &#038; Events doo website is yours and has been misused, please contact us so that we can establish intellectual rights. All information which is accessible on the Internet pages is exclusively informative, and as such cannot be used for commercial purposes or distributed to third parties.<\/p>\n<p><strong>PROTECTING USER PRIVACY<\/strong><\/p>\n<p>On behalf Aria Conference &#038; Events doo we are committed to protecting the privacy of all of our customers. We collect the necessary, basic information about customers \/ users and the information required for business and informing the user in accordance with good business practices. We are giving our customers \/ clients the opportunity to decide whether they want or do not want to be deleted from mailing lists used for marketing campaigns. All data about users \/ buyers are strictly confidential and are available only to employees who are necessary to perform their job. All employees (and business partners) are responsible for respecting the privacy protection principles.<\/p>\n<p><strong>PROTECTION OF CONFIDENTIAL INFORMATION ABOUT THE TRANSACTION <\/strong><\/p>\n<p>When entering your payment card details, protected information is transmitted over public networks in a protected (encrypted) form using SSL and PKI system, as currently the most advanced cryptographic technology. Data security when shopping, guaranteed payment card processor, Soci\u00e9t\u00e9 G\u00e9n\u00e9rale Banka, so the complete billing process is performed on the website of the bank. Not for a moment credit card data are not available to our system.<\/p>\n<p><strong>OFFICE HOURS<\/strong><\/p>\n<p>Office hours of the online store are non-stop seven days a week. In case of technical difficulty or throughout regular maintenance the website can be unavailable for a short term that we\u2019ll announce up front.<\/p>\n<p><strong>TERMS OF SHOPPING ON THE ONLINE STORE<\/strong><\/p>\n<p>Aria Conference &#038; Events doo is an online store which conducts its business in accordance with the Law on electronic shopping as well as with all the other pertaining regulations of the Republic of Serbia. The detailed terms of shopping are mentioned it the following text. We ask you to read it and familiarize yourself with all the information here given before you continue your shopping.<\/p>\n<ul>\n<li>The shopper pays the selected purchase via a debit or a credit card. We provide the use of the following cards: Visa Card, Master Card and\/or Maestro.<\/li>\n<li>Paying is conducted in an online purchase.<\/li>\n<li>Aria Conference &#038; Events doo is in the under VAT regulations in accordance with the Republic of Serbia\u2019s Law on VAT.<\/li>\n<li>Whilst paying your entrance fee it is necessary for you to register. The registration process is conducted by choosing the option \u201cRegistration\u201d.<\/li>\n<\/ul>\n<p><strong>CHOICE OF METHOD OF PAYMENT<\/strong><\/p>\n<p>In this step, on-line purchase is necessary to choose how you will make the payment of your fees. Aria Conference &#038; Events doo provides the following types of payments:<\/p>\n<p>Slip in a bank or post office<br \/>\nVia e-banking<br \/>\nVia bank transfer (legal entity)<br \/>\nVia VISA, Master Card and \/ or Maestro cards (for online Purchases)<\/p>\n<p>Description of the services<br \/>\nRegistration fee include: ID card, Conference material, refreshments, lunches, coffee breaks, access to the exhibition area and attendance to the all conference sessions<br \/>\nRegistration fee does not include: accommodation and flight tickets<br \/>\nStatement ABOUT CONVERSION<br \/>\nAll payments will be effected in Serbian currency &#8211; dinars RSD. The amount your credit card account will be charged for is obtained trough the conversation of the price in Euro into Serbian dinars according to the current exchange rate of the Serbian National Bank. When charging your credit card, the same amount is converted into your local currency according to the exchange rate of the credit card association. As a result of this conversion there is a possibility of a slight difference from the original price stated in our web site<\/p>\n<p><strong>RETURN OF FUNDS<\/strong><\/p>\n<p>In case of funds returning to the shopper who already paid via a fore mentioned card, Aria Conference &#038; Events doo nevertheless is obligated to return the funds only via Visa, Master Card and\/or Maestro which implies that the bank will return the funds to the shopper\u2019s bank account if he or she demands it. Contact meil for complaints: office@aria.co.rs .<\/p>\n<p><strong>CANCELLATION AND REFUND POLICY:<\/strong><\/p>\n<p>10 days before event start no refund of registration fees will be possible.<br \/>\nAll refunds are subject to prevailing exchange rates. Refunds will be made following the event in the same manner as the original payment was received.<br \/>\nEach participant will receive a name badge at registration. For security reasons all participants are requested to wear their badge during all the meeting activities and social events.<\/p>\n","protected":false},"excerpt":{"rendered":"<p>Aria Conference &#038; Events doo Karadjordjev trg 34, Beograd-Zemun, Serbia Activity Code: 9609 Type of activity: Other non-mentioned personal service activities Identification number: 21254436 VAT: 109851552 www.aria.co.rs Phone: 011 2600 [&hellip;]<\/p>\n","protected":false},"author":1,"featured_media":0,"parent":0,"menu_order":0,"comment_status":"closed","ping_status":"closed","template":"","meta":{"_acf_changed":false,"footnotes":""},"class_list":["post-1030","page","type-page","status-publish","hentry"],"acf":[],"yoast_head":"<!-- This site is optimized with the Yoast SEO plugin v26.0 - https:\/\/yoast.com\/wordpress\/plugins\/seo\/ -->\n<title>General terms of use<\/title>\n<meta name=\"robots\" content=\"index, follow, max-snippet:-1, max-image-preview:large, max-video-preview:-1\" \/>\n<link rel=\"canonical\" href=\"https:\/\/aria.co.rs\/opsti-uslovi-kupovine\/\" \/>\n<meta property=\"og:locale\" content=\"en_GB\" \/>\n<meta property=\"og:locale:alternate\" content=\"sr_RS\" \/>\n<meta property=\"og:type\" content=\"article\" \/>\n<meta property=\"og:title\" content=\"General terms of use\" \/>\n<meta property=\"og:description\" content=\"Aria Conference &amp; Events doo Karadjordjev trg 34, Beograd-Zemun, Serbia Activity Code: 9609 Type of activity: Other non-mentioned personal service activities Identification number: 21254436 VAT: 109851552 www.aria.co.rs Phone: 011 2600 [&hellip;]\" \/>\n<meta property=\"og:url\" content=\"https:\/\/aria.ariaconference.com\/en\/opsti-uslovi-kupovine\/\" \/>\n<meta property=\"og:site_name\" content=\"Aria Conference &amp; Events\" \/>\n<meta property=\"article:modified_time\" content=\"2018-05-21T17:55:24+00:00\" \/>\n<meta name=\"twitter:card\" content=\"summary_large_image\" \/>\n<meta name=\"twitter:label1\" content=\"Estimated reading time\" \/>\n\t<meta name=\"twitter:data1\" content=\"10 minutes\" \/>\n<script type=\"application\/ld+json\" class=\"yoast-schema-graph\">{\"@context\":\"https:\/\/schema.org\",\"@graph\":[{\"@type\":\"WebPage\",\"@id\":\"https:\/\/aria.co.rs\/opsti-uslovi-kupovine\/\",\"url\":\"https:\/\/aria.co.rs\/opsti-uslovi-kupovine\/\",\"name\":\"General terms of use\",\"isPartOf\":{\"@id\":\"https:\/\/aria.co.rs\/en\/#website\"},\"datePublished\":\"2018-05-03T21:12:48+00:00\",\"dateModified\":\"2018-05-21T17:55:24+00:00\",\"breadcrumb\":{\"@id\":\"https:\/\/aria.co.rs\/opsti-uslovi-kupovine\/#breadcrumb\"},\"inLanguage\":\"en-GB\",\"potentialAction\":[{\"@type\":\"ReadAction\",\"target\":[\"https:\/\/aria.co.rs\/opsti-uslovi-kupovine\/\"]}]},{\"@type\":\"BreadcrumbList\",\"@id\":\"https:\/\/aria.co.rs\/opsti-uslovi-kupovine\/#breadcrumb\",\"itemListElement\":[{\"@type\":\"ListItem\",\"position\":1,\"name\":\"Po\u010detna\",\"item\":\"https:\/\/aria.co.rs\/en\/\"},{\"@type\":\"ListItem\",\"position\":2,\"name\":\"Op\u0161ti uslovi kupovine\"}]},{\"@type\":\"WebSite\",\"@id\":\"https:\/\/aria.co.rs\/en\/#website\",\"url\":\"https:\/\/aria.co.rs\/en\/\",\"name\":\"Aria Conference & Events\",\"description\":\"Conference & Events\",\"potentialAction\":[{\"@type\":\"SearchAction\",\"target\":{\"@type\":\"EntryPoint\",\"urlTemplate\":\"https:\/\/aria.co.rs\/en\/?s={search_term_string}\"},\"query-input\":{\"@type\":\"PropertyValueSpecification\",\"valueRequired\":true,\"valueName\":\"search_term_string\"}}],\"inLanguage\":\"en-GB\"}]}<\/script>\n<!-- \/ Yoast SEO plugin. -->","yoast_head_json":{"title":"General terms of use","robots":{"index":"index","follow":"follow","max-snippet":"max-snippet:-1","max-image-preview":"max-image-preview:large","max-video-preview":"max-video-preview:-1"},"canonical":"https:\/\/aria.co.rs\/opsti-uslovi-kupovine\/","og_locale":"en_GB","og_type":"article","og_title":"[:rs]Op\u0161ti uslovi kupovine[:en]General terms of use[:] - Aria Conference & Events","og_description":"Aria Conference &#038; Events doo Karadjordjev trg 34, Beograd-Zemun, Serbia Activity Code: 9609 Type of activity: Other non-mentioned personal service activities Identification number: 21254436 VAT: 109851552 www.aria.co.rs Phone: 011 2600 [&hellip;]","og_url":"https:\/\/aria.ariaconference.com\/en\/opsti-uslovi-kupovine\/","og_site_name":"Aria Conference & Events","article_modified_time":"2018-05-21T17:55:24+00:00","twitter_card":"summary_large_image","twitter_misc":{"Estimated reading time":"10 minutes"},"schema":{"@context":"https:\/\/schema.org","@graph":[{"@type":"WebPage","@id":"https:\/\/aria.co.rs\/opsti-uslovi-kupovine\/","url":"https:\/\/aria.co.rs\/opsti-uslovi-kupovine\/","name":"General terms of use","isPartOf":{"@id":"https:\/\/aria.co.rs\/en\/#website"},"datePublished":"2018-05-03T21:12:48+00:00","dateModified":"2018-05-21T17:55:24+00:00","breadcrumb":{"@id":"https:\/\/aria.co.rs\/opsti-uslovi-kupovine\/#breadcrumb"},"inLanguage":"en-GB","potentialAction":[{"@type":"ReadAction","target":["https:\/\/aria.co.rs\/opsti-uslovi-kupovine\/"]}]},{"@type":"BreadcrumbList","@id":"https:\/\/aria.co.rs\/opsti-uslovi-kupovine\/#breadcrumb","itemListElement":[{"@type":"ListItem","position":1,"name":"Po\u010detna","item":"https:\/\/aria.co.rs\/en\/"},{"@type":"ListItem","position":2,"name":"Op\u0161ti uslovi kupovine"}]},{"@type":"WebSite","@id":"https:\/\/aria.co.rs\/en\/#website","url":"https:\/\/aria.co.rs\/en\/","name":"Aria Conference & Events","description":"Conference & Events","potentialAction":[{"@type":"SearchAction","target":{"@type":"EntryPoint","urlTemplate":"https:\/\/aria.co.rs\/en\/?s={search_term_string}"},"query-input":{"@type":"PropertyValueSpecification","valueRequired":true,"valueName":"search_term_string"}}],"inLanguage":"en-GB"}]}},"_links":{"self":[{"href":"https:\/\/aria.ariaconference.com\/en\/wp-json\/wp\/v2\/pages\/1030","targetHints":{"allow":["GET"]}}],"collection":[{"href":"https:\/\/aria.ariaconference.com\/en\/wp-json\/wp\/v2\/pages"}],"about":[{"href":"https:\/\/aria.ariaconference.com\/en\/wp-json\/wp\/v2\/types\/page"}],"author":[{"embeddable":true,"href":"https:\/\/aria.ariaconference.com\/en\/wp-json\/wp\/v2\/users\/1"}],"replies":[{"embeddable":true,"href":"https:\/\/aria.ariaconference.com\/en\/wp-json\/wp\/v2\/comments?post=1030"}],"version-history":[{"count":5,"href":"https:\/\/aria.ariaconference.com\/en\/wp-json\/wp\/v2\/pages\/1030\/revisions"}],"predecessor-version":[{"id":1167,"href":"https:\/\/aria.ariaconference.com\/en\/wp-json\/wp\/v2\/pages\/1030\/revisions\/1167"}],"wp:attachment":[{"href":"https:\/\/aria.ariaconference.com\/en\/wp-json\/wp\/v2\/media?parent=1030"}],"curies":[{"name":"wp","href":"https:\/\/api.w.org\/{rel}","templated":true}]}}